{"id":51,"date":"2025-12-16T12:43:12","date_gmt":"2025-12-16T11:43:12","guid":{"rendered":"https:\/\/hardstylegym.es\/?page_id=51"},"modified":"2026-04-15T09:57:12","modified_gmt":"2026-04-15T07:57:12","slug":"aviso-legal","status":"publish","type":"page","link":"https:\/\/hardstylegym.es\/en\/aviso-legal\/","title":{"rendered":"Legal notice"},"content":{"rendered":"<div data-elementor-type=\"wp-page\" data-elementor-id=\"51\" class=\"elementor elementor-51\" data-elementor-post-type=\"page\">\n\t\t\t\t<div class=\"elementor-element elementor-element-0c553cc e-flex e-con-boxed e-con e-parent\" data-id=\"0c553cc\" data-element_type=\"container\" data-e-type=\"container\" data-settings=\"{&quot;background_background&quot;:&quot;classic&quot;}\">\n\t\t\t\t\t<div class=\"e-con-inner\">\n\t\t\t\t<div class=\"elementor-element elementor-element-56726ac elementor-widget elementor-widget-heading\" data-id=\"56726ac\" data-element_type=\"widget\" data-e-type=\"widget\" data-widget_type=\"heading.default\">\n\t\t\t\t\t<h2 class=\"elementor-heading-title elementor-size-default\">LEGAL NOTICE AND GENERAL CONDITIONS<\/h2>\t\t\t\t<\/div>\n\t\t\t\t<div class=\"elementor-element elementor-element-4af91c0 elementor-widget elementor-widget-text-editor\" data-id=\"4af91c0\" data-element_type=\"widget\" data-e-type=\"widget\" data-widget_type=\"text-editor.default\">\n\t\t\t\t\t\t\t\t\t<p>I. GENERAL INFORMATION<\/p>\t\t\t\t\t\t\t\t<\/div>\n\t\t\t\t<div class=\"elementor-element elementor-element-c4e1c3a elementor-widget elementor-widget-text-editor\" data-id=\"c4e1c3a\" data-element_type=\"widget\" data-e-type=\"widget\" data-widget_type=\"text-editor.default\">\n\t\t\t\t\t\t\t\t\t<p>In compliance with the duty to provide information established in Law 34\/2002 on Information Society Services and Electronic Commerce (LSSI-CE) of July 11, the following general information about this website is provided below:<\/p><p>The ownership of this website, https:\/\/hardstylegym.es, (hereinafter, Website) belongs to: <strong>Francisco Oca\u00f1a Delgado<\/strong>, with NIF: 75770068H, and whose contact details are:<\/p><p>Contact email: <a href=\"mailto:hola@hardstylegym.es\" target=\"_blank\" rel=\"noopener\"><strong>hola@hardstylegym.es<\/strong><\/a><\/p>\t\t\t\t\t\t\t\t<\/div>\n\t\t\t\t<div class=\"elementor-element elementor-element-e3c7584 elementor-widget elementor-widget-text-editor\" data-id=\"e3c7584\" data-element_type=\"widget\" data-e-type=\"widget\" data-widget_type=\"text-editor.default\">\n\t\t\t\t\t\t\t\t\t<p>II. GENERAL TERMS AND CONDITIONS OF USE<\/p>\t\t\t\t\t\t\t\t<\/div>\n\t\t\t\t<div class=\"elementor-element elementor-element-00342bb elementor-widget elementor-widget-text-editor\" data-id=\"00342bb\" data-element_type=\"widget\" data-e-type=\"widget\" data-widget_type=\"text-editor.default\">\n\t\t\t\t\t\t\t\t\t<p>The subject of the conditions: The Website<\/p>\t\t\t\t\t\t\t\t<\/div>\n\t\t\t\t<div class=\"elementor-element elementor-element-94e99f0 elementor-widget elementor-widget-text-editor\" data-id=\"94e99f0\" data-element_type=\"widget\" data-e-type=\"widget\" data-widget_type=\"text-editor.default\">\n\t\t\t\t\t\t\t\t\t<p>The purpose of these General Terms of Use (hereinafter, Terms) is to regulate access to and use of the Website. For the purposes of these Terms, the Website shall be understood to mean: the external appearance of the screen interfaces, both static and dynamic, i.e., the navigation structure; and all elements integrated into both the screen interfaces and the navigation structure (hereinafter, Content) and all online services or resources that may be offered to Users (hereinafter, Services).<\/p><p><strong>HardStyle Gym<\/strong> The company reserves the right to modify, at any time and without prior notice, the presentation and configuration of the Website and the Content and Services that may be incorporated therein. The User acknowledges and accepts that at any time <strong>HardStyle Gym<\/strong>\u00a0may interrupt, disable and\/or cancel any of these elements that are integrated into the Website or access to them.<\/p>\t\t\t\t\t\t\t\t<\/div>\n\t\t\t\t<div class=\"elementor-element elementor-element-56221d7 elementor-widget elementor-widget-text-editor\" data-id=\"56221d7\" data-element_type=\"widget\" data-e-type=\"widget\" data-widget_type=\"text-editor.default\">\n\t\t\t\t\t\t\t\t\t<p>The User<\/p>\t\t\t\t\t\t\t\t<\/div>\n\t\t\t\t<div class=\"elementor-element elementor-element-fbf5395 elementor-widget elementor-widget-text-editor\" data-id=\"fbf5395\" data-element_type=\"widget\" data-e-type=\"widget\" data-widget_type=\"text-editor.default\">\n\t\t\t\t\t\t\t\t\t<p>Accessing, browsing, and using this Website confers the status of User, and therefore, by beginning to browse the Website, you accept all the Conditions established herein, as well as any subsequent modifications, without prejudice to the application of the corresponding mandatory legal regulations as applicable. Given the importance of the foregoing, Users are advised to read them each time they visit the Website.<\/p><p>The Website of <strong>HardStyle Gym<\/strong>\u00a0It provides a wide variety of information, services, and data. The User assumes responsibility for making proper use of the Website. This responsibility extends to:<\/p><ul><li>Use of the information, content and\/or services and data offered by <strong>HardStyle Gym<\/strong>\u00a0without being contrary to the provisions of these Terms, the Law, morality or public order, or that may in any other way imply injury to the rights of third parties or the same functioning of the Website.<\/li><li>The veracity and legality of the information provided by the User in the forms provided by <strong>HardStyle Gym<\/strong> for access to certain Content or Services offered by the Website. In any case, the User will immediately notify <strong>HardStyle Gym<\/strong>\u00a0about any fact that allows the misuse of the information registered in said forms, such as, but not only, theft, loss, or unauthorized access to identifiers and\/or passwords, in order to proceed with their immediate cancellation.<\/li><\/ul><div>\u00a0<\/div><p>Mere access to this Website does not imply the establishment of any type of commercial relationship between <strong>HardStyle Gym<\/strong>\u00a0and the User.<\/p>\t\t\t\t\t\t\t\t<\/div>\n\t\t\t\t<div class=\"elementor-element elementor-element-facca12 elementor-widget elementor-widget-text-editor\" data-id=\"facca12\" data-element_type=\"widget\" data-e-type=\"widget\" data-widget_type=\"text-editor.default\">\n\t\t\t\t\t\t\t\t\t<p>III. ACCESS AND NAVIGATION ON THE WEBSITE: EXCLUSION OF WARRANTIES AND LIABILITY<\/p>\t\t\t\t\t\t\t\t<\/div>\n\t\t\t\t<div class=\"elementor-element elementor-element-916f7ea elementor-widget elementor-widget-text-editor\" data-id=\"916f7ea\" data-element_type=\"widget\" data-e-type=\"widget\" data-widget_type=\"text-editor.default\">\n\t\t\t\t\t\t\t\t\t<p><strong>HardStyle Gym<\/strong> It does not guarantee the continuity, availability and usefulness of the Website, nor of the Content or Services. <strong>HardStyle Gym<\/strong>\u00a0will do everything possible to ensure the proper functioning of the Website; however, it is not responsible for and does not guarantee that access to this Website will be uninterrupted or error-free.<\/p><p>Nor does it assume responsibility for or guarantee that the content or software accessible through this Website is error-free or will not cause damage to the User&#039;s computer system (software and hardware). Under no circumstances <strong>HardStyle Gym<\/strong>\u00a0will be liable for any losses, damages or harm of any kind arising from access, browsing and use of the Website, including, but not limited to, those caused to computer systems or those caused by the introduction of viruses.<\/p><p><strong>HardStyle Gym<\/strong> Nor is it responsible for any damages that may be caused to users by improper use of this Website. In particular, it is not responsible in any way for any failures, interruptions, or defects in telecommunications that may occur.<\/p>\t\t\t\t\t\t\t\t<\/div>\n\t\t\t\t<div class=\"elementor-element elementor-element-2132d0e elementor-widget elementor-widget-text-editor\" data-id=\"2132d0e\" data-element_type=\"widget\" data-e-type=\"widget\" data-widget_type=\"text-editor.default\">\n\t\t\t\t\t\t\t\t\t<p>IV. LINKING POLICY<\/p>\t\t\t\t\t\t\t\t<\/div>\n\t\t\t\t<div class=\"elementor-element elementor-element-17a7a0e elementor-widget elementor-widget-text-editor\" data-id=\"17a7a0e\" data-element_type=\"widget\" data-e-type=\"widget\" data-widget_type=\"text-editor.default\">\n\t\t\t\t\t\t\t\t\t<p><strong>HardStyle Gym<\/strong> It does not offer or market, either directly or through third parties, the products and\/or services available on these linked sites.<\/p><p>The User or third party who creates a hyperlink from a web page of another, different website to the Website of <strong>HardStyle Gym<\/strong>\u00a0You should know that:<\/p><p>Reproduction\u2014in whole or in part\u2014of any of the Website Content and\/or Services is not permitted without the express authorization of <strong>HardStyle Gym<\/strong>.<\/p><p>No false, inaccurate, or incorrect statements about the Website are permitted. <strong>HardStyle Gym<\/strong>, nor about its Content and\/or Services.<\/p><p>With the exception of the hyperlink itself, the website on which said hyperlink is established shall not contain any element from this Website that is protected as intellectual property under Spanish law, unless expressly authorized by <strong>HardStyle Gym<\/strong>.<\/p><p>Establishing a hyperlink does not imply the existence of relationships between <strong>HardStyle Gym<\/strong> and the owner of the website from which it is made, nor the knowledge and acceptance of <strong>HardStyle Gym<\/strong>\u00a0of the content, services and\/or activities offered on said website, and vice versa.<\/p>\t\t\t\t\t\t\t\t<\/div>\n\t\t\t\t<div class=\"elementor-element elementor-element-8f4d9ca elementor-widget elementor-widget-text-editor\" data-id=\"8f4d9ca\" data-element_type=\"widget\" data-e-type=\"widget\" data-widget_type=\"text-editor.default\">\n\t\t\t\t\t\t\t\t\t<p>V. INTELLECTUAL AND INDUSTRIAL PROPERTY<\/p>\t\t\t\t\t\t\t\t<\/div>\n\t\t\t\t<div class=\"elementor-element elementor-element-6f4d564 elementor-widget elementor-widget-text-editor\" data-id=\"6f4d564\" data-element_type=\"widget\" data-e-type=\"widget\" data-widget_type=\"text-editor.default\">\n\t\t\t\t\t\t\t\t\t<p><strong>HardStyle Gym<\/strong> Whether acting on its own behalf or as an assignee, it holds all intellectual and industrial property rights to the Website, as well as to the elements contained therein (including, but not limited to, images, sound, audio, video, software or texts, trademarks or logos, color combinations, structure and design, selection of materials used, computer programs necessary for its operation, access and use, etc.). These are therefore works protected as intellectual property under Spanish law, and both Spanish and European Union regulations in this field, as well as international treaties on the subject to which Spain is a signatory, apply to them.<\/p><p>All rights reserved. Pursuant to the provisions of the Intellectual Property Law, the reproduction, distribution, and public communication, including making available, of all or part of the content of this website for commercial purposes, in any medium and by any technical means, is expressly prohibited without the authorization of <strong>HardStyle Gym<\/strong>.<\/p><p>The User agrees to respect the intellectual and industrial property rights of <strong>HardStyle Gym<\/strong>. You may view the elements of the Website and even print, copy, and store them on your computer&#039;s hard drive or any other physical medium, provided that it is exclusively for your personal use. However, you may not delete, alter, or manipulate any protection device or security system installed on the Website.<\/p><p>If the User or a third party believes that any of the Website Content infringes intellectual property rights, they must immediately notify <strong>HardStyle Gym<\/strong>\u00a0through the contact details in the GENERAL INFORMATION section of this Legal Notice and General Terms of Use.<\/p>\t\t\t\t\t\t\t\t<\/div>\n\t\t\t\t<div class=\"elementor-element elementor-element-82d0b33 elementor-widget elementor-widget-text-editor\" data-id=\"82d0b33\" data-element_type=\"widget\" data-e-type=\"widget\" data-widget_type=\"text-editor.default\">\n\t\t\t\t\t\t\t\t\t<p>VI. LEGAL ACTIONS, APPLICABLE LAW AND JURISDICTION<\/p>\t\t\t\t\t\t\t\t<\/div>\n\t\t\t\t<div class=\"elementor-element elementor-element-6fc47b3 elementor-widget elementor-widget-text-editor\" data-id=\"6fc47b3\" data-element_type=\"widget\" data-e-type=\"widget\" data-widget_type=\"text-editor.default\">\n\t\t\t\t\t\t\t\t\t<p><strong>HardStyle Gym<\/strong> reserves the right to take any civil or criminal action it deems necessary for the misuse of the Website and Content, or for non-compliance with these Terms and Conditions.<\/p><p>The relationship between the User and <strong>HardStyle Gym<\/strong>\u00a0This agreement shall be governed by the laws in force and applicable in Spain. Any dispute arising in connection with the interpretation and\/or application of these Terms and Conditions shall be submitted to the ordinary courts of law, subject to the jurisdiction of the competent courts and tribunals.<\/p><p>This Legal Notice and General Terms of Use document for the website was created using the online legal notice and terms of use template generator on 16\/07\/2021.<\/p>\t\t\t\t\t\t\t\t<\/div>\n\t\t\t\t\t<\/div>\n\t\t\t\t<\/div>\n\t\t\t\t<\/div>","protected":false},"excerpt":{"rendered":"<p>AVISO LEGAL Y CONDICIONES GENERALES I. INFORMACI\u00d3N GENERAL En cumplimiento con el deber de informaci\u00f3n dispuesto en la Ley 34\/2002 de Servicios de la Sociedad de la Informaci\u00f3n y el Comercio Electr\u00f3nico (LSSI-CE) de 11 de julio, se facilitan a continuaci\u00f3n los siguientes datos de informaci\u00f3n general de este sitio web: La titularidad de este [&hellip;]<\/p>\n","protected":false},"author":2,"featured_media":0,"parent":0,"menu_order":0,"comment_status":"closed","ping_status":"closed","template":"","meta":{"footnotes":""},"class_list":["post-51","page","type-page","status-publish","hentry"],"yoast_head":"<!-- This site is optimized with the Yoast SEO plugin v27.5 - https:\/\/yoast.com\/product\/yoast-seo-wordpress\/ -->\n<title>Aviso legal - Hard Style Gym<\/title>\n<meta name=\"robots\" content=\"noindex, follow\" \/>\n<meta property=\"og:locale\" content=\"en_GB\" \/>\n<meta property=\"og:type\" content=\"article\" \/>\n<meta property=\"og:title\" content=\"Aviso legal - Hard Style Gym\" \/>\n<meta property=\"og:description\" content=\"AVISO LEGAL Y CONDICIONES GENERALES I. INFORMACI\u00d3N GENERAL En cumplimiento con el deber de informaci\u00f3n dispuesto en la Ley 34\/2002 de Servicios de la Sociedad de la Informaci\u00f3n y el Comercio Electr\u00f3nico (LSSI-CE) de 11 de julio, se facilitan a continuaci\u00f3n los siguientes datos de informaci\u00f3n general de este sitio web: La titularidad de este [&hellip;]\" \/>\n<meta property=\"og:url\" content=\"https:\/\/hardstylegym.es\/en\/aviso-legal\/\" \/>\n<meta property=\"og:site_name\" content=\"Hard Style Gym\" \/>\n<meta property=\"article:modified_time\" content=\"2026-04-15T07:57:12+00:00\" \/>\n<meta name=\"twitter:card\" content=\"summary_large_image\" \/>\n<meta name=\"twitter:label1\" content=\"Estimated reading time\" \/>\n\t<meta name=\"twitter:data1\" content=\"7 minutes\" \/>\n<script type=\"application\/ld+json\" class=\"yoast-schema-graph\">{\"@context\":\"https:\\\/\\\/schema.org\",\"@graph\":[{\"@type\":\"WebPage\",\"@id\":\"https:\\\/\\\/hardstylegym.es\\\/aviso-legal\\\/\",\"url\":\"https:\\\/\\\/hardstylegym.es\\\/aviso-legal\\\/\",\"name\":\"Aviso legal - Hard Style Gym\",\"isPartOf\":{\"@id\":\"https:\\\/\\\/hardstylegym.es\\\/#website\"},\"datePublished\":\"2025-12-16T11:43:12+00:00\",\"dateModified\":\"2026-04-15T07:57:12+00:00\",\"breadcrumb\":{\"@id\":\"https:\\\/\\\/hardstylegym.es\\\/aviso-legal\\\/#breadcrumb\"},\"inLanguage\":\"en-GB\",\"potentialAction\":[{\"@type\":\"ReadAction\",\"target\":[\"https:\\\/\\\/hardstylegym.es\\\/aviso-legal\\\/\"]}]},{\"@type\":\"BreadcrumbList\",\"@id\":\"https:\\\/\\\/hardstylegym.es\\\/aviso-legal\\\/#breadcrumb\",\"itemListElement\":[{\"@type\":\"ListItem\",\"position\":1,\"name\":\"Portada\",\"item\":\"https:\\\/\\\/hardstylegym.es\\\/\"},{\"@type\":\"ListItem\",\"position\":2,\"name\":\"Aviso legal\"}]},{\"@type\":\"WebSite\",\"@id\":\"https:\\\/\\\/hardstylegym.es\\\/#website\",\"url\":\"https:\\\/\\\/hardstylegym.es\\\/\",\"name\":\"Hard Style Gym\",\"description\":\"\",\"publisher\":{\"@id\":\"https:\\\/\\\/hardstylegym.es\\\/#organization\"},\"potentialAction\":[{\"@type\":\"SearchAction\",\"target\":{\"@type\":\"EntryPoint\",\"urlTemplate\":\"https:\\\/\\\/hardstylegym.es\\\/?s={search_term_string}\"},\"query-input\":{\"@type\":\"PropertyValueSpecification\",\"valueRequired\":true,\"valueName\":\"search_term_string\"}}],\"inLanguage\":\"en-GB\"},{\"@type\":\"Organization\",\"@id\":\"https:\\\/\\\/hardstylegym.es\\\/#organization\",\"name\":\"Hard Style Gym\",\"url\":\"https:\\\/\\\/hardstylegym.es\\\/\",\"logo\":{\"@type\":\"ImageObject\",\"inLanguage\":\"en-GB\",\"@id\":\"https:\\\/\\\/hardstylegym.es\\\/#\\\/schema\\\/logo\\\/image\\\/\",\"url\":\"https:\\\/\\\/hardstylegym.es\\\/wp-content\\\/uploads\\\/2025\\\/12\\\/Logo-hardstyle.svg\",\"contentUrl\":\"https:\\\/\\\/hardstylegym.es\\\/wp-content\\\/uploads\\\/2025\\\/12\\\/Logo-hardstyle.svg\",\"width\":256,\"height\":15,\"caption\":\"Hard Style Gym\"},\"image\":{\"@id\":\"https:\\\/\\\/hardstylegym.es\\\/#\\\/schema\\\/logo\\\/image\\\/\"}}]}<\/script>\n<!-- \/ Yoast SEO plugin. -->","yoast_head_json":{"title":"Aviso legal - Hard Style Gym","robots":{"index":"noindex","follow":"follow"},"og_locale":"en_GB","og_type":"article","og_title":"Aviso legal - Hard Style Gym","og_description":"AVISO LEGAL Y CONDICIONES GENERALES I. INFORMACI\u00d3N GENERAL En cumplimiento con el deber de informaci\u00f3n dispuesto en la Ley 34\/2002 de Servicios de la Sociedad de la Informaci\u00f3n y el Comercio Electr\u00f3nico (LSSI-CE) de 11 de julio, se facilitan a continuaci\u00f3n los siguientes datos de informaci\u00f3n general de este sitio web: La titularidad de este [&hellip;]","og_url":"https:\/\/hardstylegym.es\/en\/aviso-legal\/","og_site_name":"Hard Style Gym","article_modified_time":"2026-04-15T07:57:12+00:00","twitter_card":"summary_large_image","twitter_misc":{"Estimated reading time":"7 minutes"},"schema":{"@context":"https:\/\/schema.org","@graph":[{"@type":"WebPage","@id":"https:\/\/hardstylegym.es\/aviso-legal\/","url":"https:\/\/hardstylegym.es\/aviso-legal\/","name":"Aviso legal - Hard Style Gym","isPartOf":{"@id":"https:\/\/hardstylegym.es\/#website"},"datePublished":"2025-12-16T11:43:12+00:00","dateModified":"2026-04-15T07:57:12+00:00","breadcrumb":{"@id":"https:\/\/hardstylegym.es\/aviso-legal\/#breadcrumb"},"inLanguage":"en-GB","potentialAction":[{"@type":"ReadAction","target":["https:\/\/hardstylegym.es\/aviso-legal\/"]}]},{"@type":"BreadcrumbList","@id":"https:\/\/hardstylegym.es\/aviso-legal\/#breadcrumb","itemListElement":[{"@type":"ListItem","position":1,"name":"Portada","item":"https:\/\/hardstylegym.es\/"},{"@type":"ListItem","position":2,"name":"Aviso legal"}]},{"@type":"WebSite","@id":"https:\/\/hardstylegym.es\/#website","url":"https:\/\/hardstylegym.es\/","name":"Hard Style Gym","description":"","publisher":{"@id":"https:\/\/hardstylegym.es\/#organization"},"potentialAction":[{"@type":"SearchAction","target":{"@type":"EntryPoint","urlTemplate":"https:\/\/hardstylegym.es\/?s={search_term_string}"},"query-input":{"@type":"PropertyValueSpecification","valueRequired":true,"valueName":"search_term_string"}}],"inLanguage":"en-GB"},{"@type":"Organization","@id":"https:\/\/hardstylegym.es\/#organization","name":"Hard Style Gym","url":"https:\/\/hardstylegym.es\/","logo":{"@type":"ImageObject","inLanguage":"en-GB","@id":"https:\/\/hardstylegym.es\/#\/schema\/logo\/image\/","url":"https:\/\/hardstylegym.es\/wp-content\/uploads\/2025\/12\/Logo-hardstyle.svg","contentUrl":"https:\/\/hardstylegym.es\/wp-content\/uploads\/2025\/12\/Logo-hardstyle.svg","width":256,"height":15,"caption":"Hard Style Gym"},"image":{"@id":"https:\/\/hardstylegym.es\/#\/schema\/logo\/image\/"}}]}},"_links":{"self":[{"href":"https:\/\/hardstylegym.es\/en\/wp-json\/wp\/v2\/pages\/51","targetHints":{"allow":["GET"]}}],"collection":[{"href":"https:\/\/hardstylegym.es\/en\/wp-json\/wp\/v2\/pages"}],"about":[{"href":"https:\/\/hardstylegym.es\/en\/wp-json\/wp\/v2\/types\/page"}],"author":[{"embeddable":true,"href":"https:\/\/hardstylegym.es\/en\/wp-json\/wp\/v2\/users\/2"}],"replies":[{"embeddable":true,"href":"https:\/\/hardstylegym.es\/en\/wp-json\/wp\/v2\/comments?post=51"}],"version-history":[{"count":0,"href":"https:\/\/hardstylegym.es\/en\/wp-json\/wp\/v2\/pages\/51\/revisions"}],"wp:attachment":[{"href":"https:\/\/hardstylegym.es\/en\/wp-json\/wp\/v2\/media?parent=51"}],"curies":[{"name":"wp","href":"https:\/\/api.w.org\/{rel}","templated":true}]}}